{"id":126,"date":"2023-05-24T17:13:59","date_gmt":"2023-05-24T17:13:59","guid":{"rendered":"https:\/\/prizma.ro\/?page_id=126"},"modified":"2023-05-25T05:31:18","modified_gmt":"2023-05-25T05:31:18","slug":"criterii","status":"publish","type":"page","link":"https:\/\/prizma.ro\/?page_id=126","title":{"rendered":""},"content":{"rendered":"\n<p class=\"has-text-align-center\"><strong>CERTIFICAT DE GARAN\u021aIE<\/strong><\/p>\n\n\n\n<p>Produsele comercializate de SC PRIZMA SRL, cuprinse in aceast\u0103 factur\u0103 sunt interschimbabile cu piesele originale conform cataloagelor \u0219i listelor editate de produc\u0103tori. Garantia se aplic\u0103 \u00een conformitate cu H.G. 394\/1995 si H.G. 786\/1996.<\/p>\n\n\n\n<p>Termenul de garan\u021bie este de 18 luni pentru piesele de folosin\u021b\u0103 \u00eendelungat\u0103.<\/p>\n\n\n\n<p>Piesele de folosin\u021b\u0103 \u00eendelungat\u0103 sunt: ambrelaje, arcuri, articula\u021bii planetare, elemente de caroserie, elemente de direc\u021bie, elemente de fr\u00e2na, semnalizatoare, stopuri, cabluri, pompe, radiatoare, tobe si \u021bevi de e\u0219apament, rulmen\u021bi, fi\u0219e de bujii, piese de electromotor \u0219i alternator, piese de motor \u00een mi\u0219care.<\/p>\n\n\n\n<p>Produsele care prezint\u0103 \u00een perioada de garantie defecte de material sau de fabrica\u021bie, vor fi \u00eenlocuite cu altele noi,<\/p>\n\n\n\n<p>conform H.G. 394\/1995.<\/p>\n\n\n\n<p>Termenul de garan\u021bie decurge de la data inscrisa pe factura de v\u00e2nzare.<\/p>\n\n\n\n<p>Termenul de valabilitate pentru uleiurile MOBIL este de 3 ani de la data ambal\u0103rii.<\/p>\n\n\n\n<p>V\u00e2nz\u0103torul este exonerat de r\u0103spunderea privind garan\u021bia sau aceasta poate fi anulat\u0103 \u00een urmatoarele cazuri:<\/p>\n\n\n\n<ul class=\"wp-block-list\">\n<li>piesa nu a fost montat\u0103 \u00eentr-un atelier de specialitate autorizat de R.A.R. sau de produc\u0103torul autovehiculului;<\/li>\n\n\n\n<li>piesa s-a defectat datorit\u0103 unui montaj incorect sau datorit\u0103 mont\u0103rii impreun\u0103 cu piese conexe uzate, defecte sau modificate;<\/li>\n\n\n\n<li>piesa a fost gre\u0219it aleas\u0103 sau a fost utilizat\u0103 pentru alt scop dec\u00e2t cel indicat \u00een catalogul produc\u0103torului;<\/li>\n\n\n\n<li>piesa nu a fost identificat\u0103 corect datorit\u0103 prezent\u0103rii de c\u00e2tre cump\u0103r\u0103tor a unor date eronate sau la montaj nu s-a comparat cu piesa de \u00eenlocuit;<\/li>\n\n\n\n<li>piesa s-a uzat sau deteriorat datorit\u0103 suprasolicit\u0103rii, \u00eentre\u021binerii incorecte sau insuficiente a autovehiculului, neefectuarea revizilor periodice conform recomand\u0103rilor produc\u0103torului autoturismului, atelierul de specialitate care a efectuat montajul nu a stabilit verific\u0103rile \u0219i reglajele ulteriore conform tehnologiei de montaj sau impuse de produc\u0103tor;<\/li>\n\n\n\n<li>autoturismul a fost folosit \u00een alte scopuri dec\u00e2t cel prev\u00e2zut de constructor sau a fost exploatat \u00een condi\u021bii necorespunz\u0103toare (raliuri, competi\u021bii sportive, taximetrie, etc.);<\/li>\n\n\n\n<li>autoturismul a fost accidentat sau a suferit avari produse de factori externi, atmosferici sau de alt\u0103 natur\u0103 (socuri termice, electrice, mecanice);<\/li>\n\n\n\n<li>piesele prezint\u0103 urme de lovituri, zg\u00e2rieturi, \u00eendoituri, rupturi, deform\u0103ri;<\/li>\n\n\n\n<li>piesa prezint\u0103 o uzur\u0103 normal\u0103.<\/li>\n<\/ul>\n\n\n\n<p>Piesele care fac obiectul unei reclama\u021bii \u00een garan\u021bie vor fi \u00eenso\u021bite de urm\u0103toarele documente:<\/p>\n\n\n\n<ul class=\"wp-block-list\">\n<li>factura de achizi\u021bie de la S.C. PRIZMA S.R.L. \u0219i bonul sau factura cu care a fost v\u00e2ndut\u0103 piesa clientului;<\/li>\n\n\n\n<li>certificatul de garan\u021bie care s-a eliberat la v\u00e2nzarea piesei;<\/li>\n\n\n\n<li>dovada mont\u0103rii piesei \u00eentr-un service autorizat prin care se constat\u0103 \u0219i se descrie detaliat defec\u021biunea;<\/li>\n\n\n\n<li>copia dup\u0103 certificatul de \u00eenmatriculare al autovehiculului.<\/li>\n<\/ul>\n\n\n\n<p>Nu se acord\u0103 termenul de 18 luni la urm\u0103toarele categorii de piese: filtre (ulei, aer, combustibil), becuri, \u0219terg\u0103toare de parbriz, burdufe, bujii de aprindere \u0219i incandescente, garnituri metaloplastice \u0219i simeringuri, curele de transmisie \u0219i distribu\u021bie, elemente de aprindere.<\/p>\n\n\n\n<p><\/p>\n\n\n\n<p class=\"has-text-align-center\"><strong>DECLA\u021aIE DE CONFORMITATE<\/strong><\/p>\n\n\n\n<p>Noi, S.C. PRIZMA S.R.L., cu sediul in MIERCUREA CIUC, Str. TINERETULUI, Nr. 9, jud. HARGHITA, \u00eenmatriculat\u0103 \u00een Registrul Comer\u021bului cu num\u0103rul J19\/1348\/17.11.1992, declar\u0103m pe propria r\u0103spundere c\u0103 produsele comercializate de noi corespund urm\u0103toarelor norme \u0219i normative:<\/p>\n\n\n\n<p>Ambreiaje (pl\u0103ci de presiune, discuri ambreiaj, rulmen\u021bi de presiune, kit complet ambreiaj): LUK-ISO9001; arcuri: KILEN-ISO9000, K+F-ISO9001; amortizoare: QH LIPMESA -cert. RAR 149\/02.03.2000, BILSTEIN-ISO9001; articula\u021bii planetare: SPIDAN-ISO9001, SAMKO-ISO9001, RUVILLE-ISO9001; curele: CONTITECH-ISO9001, GOOD YEAR-ISO9001; cuzine\u021bi: KOLBENSCHMIDT-ISO9002, MAHLE-ISO9002, KING-ISO9002; elemente de caroserie: RHIBO-DIN50021, SCHLIEKMANN-ISO9001, UNICAR-ISO9001; elemente de direc\u021bie: LEMFORDER-ISO9001, FRAP-ISO9001, FEBI-ISO9001; elemente cauciuc (buc\u0219e, suport motor, flan\u0219\u0103 carburator): LEMFORDER-ISO9001, FEBI-ISO9001; elemente de cauciuc (burduf planetar\u0103 \u0219i caset\u0103 de direc\u021bie): AGRON-ISO9002\/EN29002; sterg\u0103toare de parbriz: CHAMPION-cert. RAR1517\/26.10.1998; ap\u0103r\u0103toare de noroi: AGRON-ISO9002\/EN29002; pl\u0103cu\u021be \u0219i sabo\u021bi de fr\u00e2n\u0103: LUCAS-ISO9002, FERODO-cert. RAR 1794\/14.06.1999, SAMKO-ISO90001; elemente de fr\u00e2na (discuri si tamburi de fr\u00e2n\u00e3): LUCAS-ISO9002, BREMBO-ISO9001; elemente componente ale sistemului hidraulic de fr\u00e2nare: LUCAS-ISO9002, SAMKO-ISO9001; furtune de fr\u00e2na: K&amp;K-cert. RAR 094\/22.11.1999; elemente de aprindere (bujii de aprindere si \u00eencandescente): CHAMPION-cert. RAR 1516\/26.10.1998; faruri, semnalizatoare, stopuri: HELLA-ISO9001, VALEO-ISO9002, BOSCH-ISO9001, FIFFT-ISO9001; cabluri bowden (pentru ambreiaj, acceleratie, fr\u00e2na de m\u00e2n\u0103): COFLE-ISO9002; filtre (ulei, combustibil, aer): CHAMPION-cert. RAR 1540\/12.11.1999, ARMAFILT-ISO9002, KOLBENSCHMIDT-ISO9002; garnituri, simeringuri: VICTOR REINZ-ISO9001, GLASER-ISO9001, PAYEN-ISO9001, REYCON-ISO9001; pompe (de ap\u0103, combustibil, ulei): RUVILLE-ISO9002, KOLBENSCHMIDT-ISO9002; p\u0103rti motor (segmen\u021bi, pistoane echipate, supape, ghiduri supap\u0103, ax cu came, suruburi chiulas\u0103, chiulase, diuze injector): KOLBENSCHMIDT-ISO9002, MAHLE-ISO9002, AMC-ISO9001, MONARK-ISO9001, DTP-ISO9001, RUVILLE-ISO9002, TARABUSI-ISO9001, VICTOR REINZ-ISO9001; radiatoare (Inc\u0103lzire si r\u0103cire): FRIGAIR-ISO9001, NISSENS-ISO9001; rulmen\u021bi roata: RUVILLE-ISO9002, OPTIMAL-ISO9001; fi\u0219e \u0219i seturi de fise bujii: CHAMPION-ISO9001; tobe si \u021bevi de esapament: BOSAL-ISO9002\/70\/157-96\/20EC, ZARA-ISO9001, WALKER-ISO9001; componente electrice de pornire (bendix, demaror, relee, regulatoare): MONARK-ISO9001, KELLE-ISO9001; elemente pomp\u0103 injec\u021bie: MONARK -ISO9001, DTP-|SO9001; uleiuri motor \u0219i angrenaje: MOBIL-cert. RAR415, 416\/08.05.2001, CASTROL-cert. RAR297,298\/10.11.2000; lichide de fr\u00e2n\u0103: MOBIL-cert. RAR 417\/08.05.2001, LUCAS-ISO9002; scule de m\u00e2n\u0103 \u0219i dispozitive: HAZET-IS09002.<\/p>\n\n\n\n<p><\/p>\n\n\n\n<p class=\"has-text-align-center\"><strong>ALTE CONDI\u021aII<\/strong><\/p>\n\n\n\n<p>1. Reclama\u021biile referitoare la neconcordan\u021ba dintre marf\u0103 si factur\u0103 se accept\u0103 numai dac\u0103 acestea au fost sesizate \u00een scris \u00een termen de maximum 2 zile de la livrare.<\/p>\n\n\n\n<p>2. Nu se admit la retur piesele cu ambalaj deteriorat, piesele care au fost deja montate sau piesele care au fost comandate verbal.<\/p>\n\n\n\n<p>3. Din data de 20.11.2006 se va percepe o taxa de retur marf\u0103 pentru piesele return dup\u0103 10 zile 10%, 10-20 zile 20%. Peste 30 zile nu se mai accepta retururi. Piesa trebuie returnat \u00een ambalajul original f\u0103r\u0103 urme de montaj, inscriptii \u0219i autocolante str\u0103ine. Mul\u021bumim pentru \u00een\u021belegere.<\/p>\n","protected":false},"excerpt":{"rendered":"<p>CERTIFICAT DE GARAN\u021aIE Produsele comercializate de SC PRIZMA SRL, cuprinse in aceast\u0103 factur\u0103 sunt interschimbabile cu piesele originale conform cataloagelor \u0219i listelor editate de produc\u0103tori. [&hellip;]<\/p>\n","protected":false},"author":1,"featured_media":0,"parent":0,"menu_order":0,"comment_status":"closed","ping_status":"closed","template":"template-fullwide.php","meta":{"footnotes":""},"class_list":["post-126","page","type-page","status-publish","hentry"],"_links":{"self":[{"href":"https:\/\/prizma.ro\/index.php?rest_route=\/wp\/v2\/pages\/126","targetHints":{"allow":["GET"]}}],"collection":[{"href":"https:\/\/prizma.ro\/index.php?rest_route=\/wp\/v2\/pages"}],"about":[{"href":"https:\/\/prizma.ro\/index.php?rest_route=\/wp\/v2\/types\/page"}],"author":[{"embeddable":true,"href":"https:\/\/prizma.ro\/index.php?rest_route=\/wp\/v2\/users\/1"}],"replies":[{"embeddable":true,"href":"https:\/\/prizma.ro\/index.php?rest_route=%2Fwp%2Fv2%2Fcomments&post=126"}],"version-history":[{"count":3,"href":"https:\/\/prizma.ro\/index.php?rest_route=\/wp\/v2\/pages\/126\/revisions"}],"predecessor-version":[{"id":132,"href":"https:\/\/prizma.ro\/index.php?rest_route=\/wp\/v2\/pages\/126\/revisions\/132"}],"wp:attachment":[{"href":"https:\/\/prizma.ro\/index.php?rest_route=%2Fwp%2Fv2%2Fmedia&parent=126"}],"curies":[{"name":"wp","href":"https:\/\/api.w.org\/{rel}","templated":true}]}}